{"id":115,"date":"2010-12-12T11:20:07","date_gmt":"2010-12-12T11:20:07","guid":{"rendered":"http:\/\/www.vom-hohen-garten.de\/?page_id=115"},"modified":"2012-01-05T18:41:37","modified_gmt":"2012-01-05T18:41:37","slug":"a-wurf","status":"publish","type":"page","link":"https:\/\/www.vom-hohen-garten.de\/?page_id=115","title":{"rendered":"A &#8211; Wurf"},"content":{"rendered":"<p><font size=\"3\"><u><em><strong>05.12.2010<\/strong><\/em><\/u><\/font><\/p>\n<p><font size=\"3\"><\/font><\/p>\n<p><a href=\"http:\/\/www.vom-hohen-garten.de\/wp-content\/uploads\/2010\/12\/100_1394.jpg\"><img loading=\"lazy\" decoding=\"async\" style=\"background-image: none; border-right-width: 0px; padding-left: 0px; padding-right: 0px; display: inline; border-top-width: 0px; border-bottom-width: 0px; border-left-width: 0px; padding-top: 0px\" title=\"100_1394\" border=\"0\" alt=\"100_1394\" src=\"http:\/\/www.vom-hohen-garten.de\/wp-content\/uploads\/2010\/12\/100_1394_thumb.jpg\" width=\"260\" height=\"200\" \/><\/a><a href=\"http:\/\/www.vom-hohen-garten.de\/wp-content\/uploads\/2010\/12\/100_1396.jpg\"><img loading=\"lazy\" decoding=\"async\" style=\"background-image: none; border-right-width: 0px; padding-left: 0px; padding-right: 0px; display: inline; border-top-width: 0px; border-bottom-width: 0px; border-left-width: 0px; padding-top: 0px\" title=\"100_1396\" border=\"0\" alt=\"100_1396\" src=\"http:\/\/www.vom-hohen-garten.de\/wp-content\/uploads\/2010\/12\/100_1396_thumb.jpg\" width=\"260\" height=\"200\" \/><\/a><\/p>\n<p><font size=\"3\">Was f\u00fcr eine aufregende Nacht, u<\/font><font size=\"3\">nser A \u2013 Wurf ist&#160; da! <\/font><\/p>\n<p><font size=\"3\">Innerhalb von f\u00fcnf Stunden brachte Lena 6 Welpen zur Welt, es sind 5 R\u00fcden und<\/font><\/p>\n<p><font size=\"3\">eine H\u00fcndin. Ein R\u00fcde hat den Sprung ins Leben leider nicht geschafft.<\/font><\/p>\n<p>&#160;<\/p>\n<p><font size=\"3\"><u><em><strong>08.12.2010<\/strong><\/em><\/u><\/font><\/p>\n<p><a href=\"http:\/\/www.vom-hohen-garten.de\/wp-content\/uploads\/2010\/12\/100_14221.jpg\"><img loading=\"lazy\" decoding=\"async\" style=\"background-image: none; border-right-width: 0px; padding-left: 0px; padding-right: 0px; display: inline; border-top-width: 0px; border-bottom-width: 0px; border-left-width: 0px; padding-top: 0px\" title=\"100_1422\" border=\"0\" alt=\"100_1422\" src=\"http:\/\/www.vom-hohen-garten.de\/wp-content\/uploads\/2010\/12\/100_1422_thumb1.jpg\" width=\"260\" height=\"200\" \/><\/a><a href=\"http:\/\/www.vom-hohen-garten.de\/wp-content\/uploads\/2010\/12\/100_14241.jpg\"><img loading=\"lazy\" decoding=\"async\" style=\"background-image: none; border-right-width: 0px; padding-left: 0px; padding-right: 0px; display: inline; border-top-width: 0px; border-bottom-width: 0px; border-left-width: 0px; padding-top: 0px\" title=\"100_1424\" border=\"0\" alt=\"100_1424\" src=\"http:\/\/www.vom-hohen-garten.de\/wp-content\/uploads\/2010\/12\/100_1424_thumb1.jpg\" width=\"260\" height=\"200\" \/><\/a><\/p>\n<p><font size=\"3\">Unsere Welpen f\u00fchlen sich sehr wohl und haben st\u00e4ndig Hunger.<\/font><\/p>\n<p>&#160;<\/p>\n<p><font size=\"3\"><\/font><\/p>\n<p><font size=\"3\"><\/font><\/p>\n<p><font size=\"3\"><strong><em><u>12.12.2010<\/u><\/em><\/strong><\/font><\/p>\n<p><strong><em><u><font size=\"3\"><\/font><\/u><\/em><\/strong><\/p>\n<p><a href=\"http:\/\/www.vom-hohen-garten.de\/wp-content\/uploads\/2010\/12\/100_1480.jpg\"><img loading=\"lazy\" decoding=\"async\" style=\"background-image: none; border-right-width: 0px; padding-left: 0px; padding-right: 0px; display: inline; border-top-width: 0px; border-bottom-width: 0px; border-left-width: 0px; padding-top: 0px\" title=\"100_1480\" border=\"0\" alt=\"100_1480\" src=\"http:\/\/www.vom-hohen-garten.de\/wp-content\/uploads\/2010\/12\/100_1480_thumb.jpg\" width=\"260\" height=\"200\" \/><\/a><a href=\"http:\/\/www.vom-hohen-garten.de\/wp-content\/uploads\/2010\/12\/100_1481.jpg\"><img loading=\"lazy\" decoding=\"async\" style=\"background-image: none; border-right-width: 0px; padding-left: 0px; padding-right: 0px; display: inline; border-top-width: 0px; border-bottom-width: 0px; border-left-width: 0px; padding-top: 0px\" title=\"100_1481\" border=\"0\" alt=\"100_1481\" src=\"http:\/\/www.vom-hohen-garten.de\/wp-content\/uploads\/2010\/12\/100_1481_thumb.jpg\" width=\"260\" height=\"200\" \/><\/a><\/p>\n<p><font size=\"3\">Mama, nicht weglaufen! Haben noch Hunger. Nach dem Essen soll man ruhen.<\/font><\/p>\n<p>&#160;<\/p>\n<p><font size=\"3\"><\/font><\/p>\n<p><font size=\"3\"><\/font><\/p>\n<p><font size=\"3\"><\/font><\/p>\n<p><font size=\"3\"><strong><em><u>19.12.2010<\/u><\/em><\/strong><\/font><\/p>\n<p><a href=\"http:\/\/www.vom-hohen-garten.de\/wp-content\/uploads\/2010\/12\/100_1553.jpg\"><img loading=\"lazy\" decoding=\"async\" style=\"background-image: none; border-right-width: 0px; padding-left: 0px; padding-right: 0px; display: inline; border-top-width: 0px; border-bottom-width: 0px; border-left-width: 0px; padding-top: 0px\" title=\"100_1553\" border=\"0\" alt=\"100_1553\" src=\"http:\/\/www.vom-hohen-garten.de\/wp-content\/uploads\/2010\/12\/100_1553_thumb.jpg\" width=\"260\" height=\"200\" \/><\/a><a href=\"http:\/\/www.vom-hohen-garten.de\/wp-content\/uploads\/2010\/12\/100_1558.jpg\"><img loading=\"lazy\" decoding=\"async\" style=\"background-image: none; border-right-width: 0px; padding-left: 0px; padding-right: 0px; display: inline; border-top-width: 0px; border-bottom-width: 0px; border-left-width: 0px; padding-top: 0px\" title=\"100_1558\" border=\"0\" alt=\"100_1558\" src=\"http:\/\/www.vom-hohen-garten.de\/wp-content\/uploads\/2010\/12\/100_1558_thumb.jpg\" width=\"260\" height=\"200\" \/><\/a><\/p>\n<p><font size=\"3\">Mal schauen wie die Freiheit aussieht!&#160;&#160;&#160;&#160;&#160;&#160;&#160;&#160; Komm lass uns spielen.<\/font><\/p>\n<p>&#160;<\/p>\n<p><font size=\"3\"><strong><em><u>24.12.2010<\/u><\/em><\/strong>&#160; Heute wurde die Welpenkiste mit einem kleinen Auslauf erweitert<\/font><\/p>\n<p><a href=\"http:\/\/www.vom-hohen-garten.de\/wp-content\/uploads\/2010\/12\/100_1626.jpg\"><img loading=\"lazy\" decoding=\"async\" style=\"background-image: none; border-right-width: 0px; padding-left: 0px; padding-right: 0px; display: inline; border-top-width: 0px; border-bottom-width: 0px; border-left-width: 0px; padding-top: 0px\" title=\"100_1626\" border=\"0\" alt=\"100_1626\" src=\"http:\/\/www.vom-hohen-garten.de\/wp-content\/uploads\/2010\/12\/100_1626_thumb.jpg\" width=\"260\" height=\"200\" \/><\/a><a href=\"http:\/\/www.vom-hohen-garten.de\/wp-content\/uploads\/2010\/12\/100_1619.jpg\"><img loading=\"lazy\" decoding=\"async\" style=\"background-image: none; border-right-width: 0px; padding-left: 0px; padding-right: 0px; display: inline; border-top-width: 0px; border-bottom-width: 0px; border-left-width: 0px; padding-top: 0px\" title=\"100_1619\" border=\"0\" alt=\"100_1619\" src=\"http:\/\/www.vom-hohen-garten.de\/wp-content\/uploads\/2010\/12\/100_1619_thumb.jpg\" width=\"260\" height=\"200\" \/><\/a><\/p>\n<p><font size=\"3\">Endlich mal allein schlafen.<\/font>&#160;&#160;&#160;&#160;&#160;&#160;&#160;&#160;&#160;&#160;&#160;&#160;&#160;&#160;&#160;&#160;&#160;&#160;&#160;&#160;&#160;&#160;&#160;&#160;&#160;&#160;&#160;&#160;&#160;&#160;&#160;&#160;&#160;&#160;&#160;&#160;&#160;&#160; <font size=\"3\">Auslauf und Spielzeug finden wir toll!&#160; <\/font><\/p>\n<p><font size=\"3\">&#160;&#160; <\/font><\/p>\n<p><font size=\"3\"><\/font><\/p>\n<p><font size=\"3\"><\/font><\/p>\n<p><font size=\"3\"><strong><em><u><\/u><\/em><\/strong><\/font><\/p>\n<p><font size=\"3\"><strong><em><u>27.12.2010<\/u><\/em><\/strong><\/font><\/p>\n<p><a href=\"http:\/\/www.vom-hohen-garten.de\/wp-content\/uploads\/2010\/12\/Rde-Lila.jpg\"><img loading=\"lazy\" decoding=\"async\" style=\"background-image: none; border-right-width: 0px; padding-left: 0px; padding-right: 0px; display: inline; border-top-width: 0px; border-bottom-width: 0px; border-left-width: 0px; padding-top: 0px\" title=\"R\u00fcde Lila\" border=\"0\" alt=\"R\u00fcde Lila\" src=\"http:\/\/www.vom-hohen-garten.de\/wp-content\/uploads\/2010\/12\/Rde-Lila_thumb.jpg\" width=\"260\" height=\"200\" \/><\/a><a href=\"http:\/\/www.vom-hohen-garten.de\/wp-content\/uploads\/2010\/12\/100_1702.jpg\"><img loading=\"lazy\" decoding=\"async\" style=\"background-image: none; border-right-width: 0px; padding-left: 0px; padding-right: 0px; display: inline; border-top-width: 0px; border-bottom-width: 0px; border-left-width: 0px; padding-top: 0px\" title=\"100_1702\" border=\"0\" alt=\"100_1702\" src=\"http:\/\/www.vom-hohen-garten.de\/wp-content\/uploads\/2010\/12\/100_1702_thumb.jpg\" width=\"260\" height=\"200\" \/><\/a><\/p>\n<p><font size=\"3\">Bis jetzt wurden wir so gewogen.&#160;&#160;&#160;&#160;&#160;&#160;&#160;&#160;&#160;&#160;&#160;&#160; Jetzt mit der neuen Waage ist es reine<\/font><\/p>\n<p><font size=\"3\">So ein Stress!&#160;&#160;&#160;&#160;&#160;&#160;&#160;&#160;&#160;&#160;&#160;&#160;&#160;&#160;&#160;&#160;&#160;&#160;&#160;&#160;&#160;&#160;&#160;&#160;&#160;&#160;&#160;&#160;&#160;&#160;&#160;&#160;&#160;&#160;&#160;&#160;&#160;&#160;&#160;&#160;&#160;&#160;&#160;&#160; Erholung.<\/font><\/p>\n<p><font size=\"3\"><\/font><\/p>\n<p><font size=\"3\"><\/font><font size=\"3\"><\/font><\/p>\n<p><font size=\"3\"><strong><em><u><\/u><\/em><\/strong><\/font><\/p>\n<p><font size=\"3\"><strong><em><u>29.12.2010<\/u><\/em><\/strong>&#160; Der Auslauf wurde heute erweitert.<\/font><\/p>\n<p><a href=\"http:\/\/www.vom-hohen-garten.de\/wp-content\/uploads\/2010\/12\/100_1698.jpg\"><img loading=\"lazy\" decoding=\"async\" style=\"background-image: none; border-right-width: 0px; padding-left: 0px; padding-right: 0px; display: inline; border-top-width: 0px; border-bottom-width: 0px; border-left-width: 0px; padding-top: 0px\" title=\"100_1698\" border=\"0\" alt=\"100_1698\" src=\"http:\/\/www.vom-hohen-garten.de\/wp-content\/uploads\/2010\/12\/100_1698_thumb.jpg\" width=\"260\" height=\"200\" \/><\/a><a href=\"http:\/\/www.vom-hohen-garten.de\/wp-content\/uploads\/2010\/12\/100_1728.jpg\"><img loading=\"lazy\" decoding=\"async\" style=\"background-image: none; border-right-width: 0px; padding-left: 0px; padding-right: 0px; display: inline; border-top-width: 0px; border-bottom-width: 0px; border-left-width: 0px; padding-top: 0px\" title=\"100_1728\" border=\"0\" alt=\"100_1728\" src=\"http:\/\/www.vom-hohen-garten.de\/wp-content\/uploads\/2010\/12\/100_1728_thumb.jpg\" width=\"260\" height=\"200\" \/><\/a><\/p>\n<p><font size=\"3\">&#160;&#160; Raus in die gro\u00dfe Freiheit.&#160;&#160;&#160;&#160;&#160;&#160;&#160;&#160;&#160;&#160;&#160;&#160;&#160;&#160;&#160;&#160;&#160;&#160;&#160;&#160;&#160;&#160;&#160;&#160;&#160;&#160; Mit Mama beim spielen.<\/font><\/p>\n<p><font size=\"3\"><\/font><\/p>\n<p>&#160;<\/p>\n<p><font size=\"3\"><strong><em><u>02.01.2011<\/u><\/em><\/strong> <\/font><\/p>\n<p><font size=\"3\"><\/font><\/p>\n<p><a href=\"http:\/\/www.vom-hohen-garten.de\/wp-content\/uploads\/2011\/01\/100_1775.jpg\"><img loading=\"lazy\" decoding=\"async\" style=\"background-image: none; border-right-width: 0px; padding-left: 0px; padding-right: 0px; display: inline; border-top-width: 0px; border-bottom-width: 0px; border-left-width: 0px; padding-top: 0px\" title=\"100_1775\" border=\"0\" alt=\"100_1775\" src=\"http:\/\/www.vom-hohen-garten.de\/wp-content\/uploads\/2011\/01\/100_1775_thumb.jpg\" width=\"260\" height=\"200\" \/><\/a><a href=\"http:\/\/www.vom-hohen-garten.de\/wp-content\/uploads\/2011\/01\/100_1766.jpg\"><img loading=\"lazy\" decoding=\"async\" style=\"background-image: none; border-right-width: 0px; padding-left: 0px; padding-right: 0px; display: inline; border-top-width: 0px; border-bottom-width: 0px; border-left-width: 0px; padding-top: 0px\" title=\"100_1766\" border=\"0\" alt=\"100_1766\" src=\"http:\/\/www.vom-hohen-garten.de\/wp-content\/uploads\/2011\/01\/100_1766_thumb.jpg\" width=\"260\" height=\"200\" \/><\/a><\/p>\n<p>&#160; <font size=\"3\">Richtiges essen will gelernt sein.&#160;&#160;&#160;&#160;&#160;&#160;&#160;&#160;&#160;&#160;&#160;&#160;&#160;&#160;&#160;&#160;&#160; Nachtisch bei Mama. <\/font><\/p>\n<p><font size=\"3\"><\/font><\/p>\n<p><font size=\"3\"><\/font><\/p>\n<p><font size=\"3\"><\/font><\/p>\n<p><font size=\"3\"><u><strong>11.01.2011<\/strong><\/u> Haben seit ein paar Tagen neues Spielzeug<\/font><\/p>\n<p><font size=\"3\"><\/font><\/p>\n<p><a href=\"http:\/\/www.vom-hohen-garten.de\/wp-content\/uploads\/2011\/01\/100_1966.jpg\"><img loading=\"lazy\" decoding=\"async\" style=\"background-image: none; border-right-width: 0px; padding-left: 0px; padding-right: 0px; display: inline; border-top-width: 0px; border-bottom-width: 0px; border-left-width: 0px; padding-top: 0px\" title=\"100_1966\" border=\"0\" alt=\"100_1966\" src=\"http:\/\/www.vom-hohen-garten.de\/wp-content\/uploads\/2011\/01\/100_1966_thumb.jpg\" width=\"260\" height=\"200\" \/><\/a><a href=\"http:\/\/www.vom-hohen-garten.de\/wp-content\/uploads\/2011\/01\/100_1999.jpg\"><img loading=\"lazy\" decoding=\"async\" style=\"background-image: none; border-right-width: 0px; padding-left: 0px; padding-right: 0px; display: inline; border-top-width: 0px; border-bottom-width: 0px; border-left-width: 0px; padding-top: 0px\" title=\"100_1999\" border=\"0\" alt=\"100_1999\" src=\"http:\/\/www.vom-hohen-garten.de\/wp-content\/uploads\/2011\/01\/100_1999_thumb.jpg\" width=\"260\" height=\"200\" \/><\/a><\/p>\n<p><font size=\"3\">&#160;&#160; Ein Tunnel ist nicht nur zum spielen!&#160;&#160;&#160;&#160;&#160;&#160;&#160;&#160;&#160;&#160;&#160; Im B\u00e4llebad wird man nicht na\u00df.<\/font><\/p>\n<p>&#160;<\/p>\n<p><a href=\"http:\/\/www.vom-hohen-garten.de\/wp-content\/uploads\/2011\/01\/100_2033.jpg\"><img loading=\"lazy\" decoding=\"async\" style=\"background-image: none; border-right-width: 0px; padding-left: 0px; padding-right: 0px; display: inline; border-top-width: 0px; border-bottom-width: 0px; border-left-width: 0px; padding-top: 0px\" title=\"100_2033\" border=\"0\" alt=\"100_2033\" src=\"http:\/\/www.vom-hohen-garten.de\/wp-content\/uploads\/2011\/01\/100_2033_thumb.jpg\" width=\"260\" height=\"200\" \/><\/a><a href=\"http:\/\/www.vom-hohen-garten.de\/wp-content\/uploads\/2011\/01\/100_2037.jpg\"><img loading=\"lazy\" decoding=\"async\" style=\"background-image: none; border-right-width: 0px; padding-left: 0px; padding-right: 0px; display: inline; border-top-width: 0px; border-bottom-width: 0px; border-left-width: 0px; padding-top: 0px\" title=\"100_2037\" border=\"0\" alt=\"100_2037\" src=\"http:\/\/www.vom-hohen-garten.de\/wp-content\/uploads\/2011\/01\/100_2037_thumb.jpg\" width=\"260\" height=\"200\" \/><\/a><\/p>\n<p><font size=\"3\">&#160;&#160;&#160; Warte ich halte fest.&#160;&#160;&#160;&#160;&#160;&#160;&#160;&#160;&#160;&#160;&#160;&#160;&#160;&#160;&#160;&#160;&#160;&#160;&#160;&#160;&#160;&#160;&#160;&#160;&#160;&#160;&#160;&#160;&#160;&#160;&#160;&#160;&#160;&#160;&#160;&#160;&#160;&#160;&#160; N\u00e4chster Versuch!<\/font><\/p>\n<p><font size=\"3\"><\/font><\/p>\n<p><font size=\"3\"><\/font><\/p>\n<p><font size=\"3\"><strong><em><u>15.01.2011<\/u><\/em><\/strong>&#160; Im Garten<\/font><strong><em><u><font size=\"3\"><\/font><\/u><\/em><\/strong><\/p>\n<p><a href=\"http:\/\/www.vom-hohen-garten.de\/wp-content\/uploads\/2011\/01\/100_2100.jpg\"><img loading=\"lazy\" decoding=\"async\" style=\"background-image: none; border-right-width: 0px; padding-left: 0px; padding-right: 0px; display: inline; border-top-width: 0px; border-bottom-width: 0px; border-left-width: 0px; padding-top: 0px\" title=\"100_2100\" border=\"0\" alt=\"100_2100\" src=\"http:\/\/www.vom-hohen-garten.de\/wp-content\/uploads\/2011\/01\/100_2100_thumb.jpg\" width=\"260\" height=\"200\" \/><\/a><a href=\"http:\/\/www.vom-hohen-garten.de\/wp-content\/uploads\/2011\/01\/100_2117.jpg\"><img loading=\"lazy\" decoding=\"async\" style=\"background-image: none; border-right-width: 0px; padding-left: 0px; padding-right: 0px; display: inline; border-top-width: 0px; border-bottom-width: 0px; border-left-width: 0px; padding-top: 0px\" title=\"100_2117\" border=\"0\" alt=\"100_2117\" src=\"http:\/\/www.vom-hohen-garten.de\/wp-content\/uploads\/2011\/01\/100_2117_thumb.jpg\" width=\"260\" height=\"200\" \/><\/a><\/p>\n<p><font size=\"3\">&#160;&#160;&#160; Heute waren wir das erste Mal drau\u00dfen<\/font><\/p>\n<p><font size=\"3\"><\/font><\/p>\n<p><font size=\"3\"><strong><u>21.01.2011<\/u><\/strong> Heute konnten wir unsere Transportbox in Augeschein nehmen<\/font><\/p>\n<p><strong><u><font size=\"3\"><\/font><\/u><\/strong><\/p>\n<p><a href=\"http:\/\/www.vom-hohen-garten.de\/wp-content\/uploads\/2011\/01\/100_2194.jpg\"><img loading=\"lazy\" decoding=\"async\" style=\"background-image: none; border-right-width: 0px; padding-left: 0px; padding-right: 0px; display: inline; border-top-width: 0px; border-bottom-width: 0px; border-left-width: 0px; padding-top: 0px\" title=\"100_2194\" border=\"0\" alt=\"100_2194\" src=\"http:\/\/www.vom-hohen-garten.de\/wp-content\/uploads\/2011\/01\/100_2194_thumb.jpg\" width=\"260\" height=\"200\" \/><\/a><a href=\"http:\/\/www.vom-hohen-garten.de\/wp-content\/uploads\/2011\/01\/100_2212.jpg\"><img loading=\"lazy\" decoding=\"async\" style=\"background-image: none; border-right-width: 0px; padding-left: 0px; padding-right: 0px; display: inline; border-top-width: 0px; border-bottom-width: 0px; border-left-width: 0px; padding-top: 0px\" title=\"100_2212\" border=\"0\" alt=\"100_2212\" src=\"http:\/\/www.vom-hohen-garten.de\/wp-content\/uploads\/2011\/01\/100_2212_thumb.jpg\" width=\"260\" height=\"200\" \/><\/a><\/p>\n<p><font size=\"3\">Ich will zuerst&#160;&#160;&#160;&#160;&#160;&#160;&#160;&#160;&#160;&#160;&#160;&#160;&#160;&#160;&#160;&#160;&#160;&#160;&#160;&#160;&#160;&#160;&#160;&#160;&#160;&#160;&#160;&#160;&#160;&#160;&#160;&#160;&#160;&#160;&#160;&#160;&#160;&#160;&#160;&#160;&#160;&#160;&#160;&#160;&#160;&#160;&#160;&#160;&#160;&#160;&#160;&#160;&#160; Voll toll hier!<\/font><\/p>\n<p><font size=\"3\"><\/font><\/p>\n<p><font size=\"3\"><strong><u>24.01.2011<\/u><\/strong> Tierarztbesuch<\/font><\/p>\n<p><font size=\"3\"><\/font><\/p>\n<p><a href=\"http:\/\/www.vom-hohen-garten.de\/wp-content\/uploads\/2011\/01\/100_2283.jpg\"><img loading=\"lazy\" decoding=\"async\" style=\"background-image: none; border-right-width: 0px; padding-left: 0px; padding-right: 0px; display: inline; border-top-width: 0px; border-bottom-width: 0px; border-left-width: 0px; padding-top: 0px\" title=\"100_2283\" border=\"0\" alt=\"100_2283\" src=\"http:\/\/www.vom-hohen-garten.de\/wp-content\/uploads\/2011\/01\/100_2283_thumb.jpg\" width=\"260\" height=\"200\" \/><\/a><a href=\"http:\/\/www.vom-hohen-garten.de\/wp-content\/uploads\/2011\/01\/100_2284.jpg\"><img loading=\"lazy\" decoding=\"async\" style=\"background-image: none; border-right-width: 0px; padding-left: 0px; padding-right: 0px; display: inline; border-top-width: 0px; border-bottom-width: 0px; border-left-width: 0px; padding-top: 0px\" title=\"100_2284\" border=\"0\" alt=\"100_2284\" src=\"http:\/\/www.vom-hohen-garten.de\/wp-content\/uploads\/2011\/01\/100_2284_thumb.jpg\" width=\"260\" height=\"200\" \/><\/a><\/p>\n<p><font size=\"3\">Vor der Abfahrt&#160;&#160;&#160;&#160;&#160;&#160;&#160;&#160;&#160;&#160;&#160;&#160;&#160;&#160;&#160;&#160;&#160;&#160;&#160;&#160;&#160;&#160;&#160;&#160;&#160;&#160;&#160;&#160;&#160;&#160;&#160;&#160;&#160;&#160;&#160;&#160;&#160;&#160;&#160;&#160;&#160;&#160;&#160;&#160;&#160;&#160;&#160;&#160; Hoffentlich tut es nicht so weh.<\/font><\/p>\n<p><font size=\"3\"><\/font><\/p>\n<p>&#160;<\/p>\n<p><font size=\"3\"><\/font><\/p>\n<p><font size=\"3\"><\/font><\/p>\n<p><font size=\"3\">&#160;&#160;&#160;&#160;&#160;&#160;&#160;&#160;&#160;&#160;&#160;&#160;&#160;&#160;&#160;&#160;&#160;&#160;&#160;&#160;&#160;&#160;&#160;&#160;&#160;&#160;&#160;&#160;&#160;&#160;&#160;&#160;&#160;&#160;&#160;&#160;&#160;&#160;&#160;&#160;&#160;&#160;&#160;&#160;&#160;&#160;&#160;&#160;&#160;&#160;&#160;&#160;&#160; Noch mehr <a href=\"http:\/\/www.vom-hohen-garten.de\/album\/a-wurf\/index.html\" target=\"_blank\">Bilder<\/a><\/font> <\/p>\n<p><font size=\"3\"><\/font><\/p>\n<p>&#160;<\/p>\n<p><font size=\"3\">&#160;&#160;&#160;&#160;&#160;&#160;&#160;&#160;&#160;&#160;&#160;&#160;&#160;&#160;&#160;&#160;&#160;&#160;&#160;&#160;&#160;&#160;&#160;&#160;&#160;&#160;&#160;&#160;&#160;&#160;&#160;&#160;&#160;&#160;&#160;&#160;&#160;&#160;&#160;&#160;&#160;&#160;&#160;&#160;&#160;&#160;&#160;&#160;&#160;&#160;&#160; <em>&#160;&#160;&#160;&#160;&#160; <a href=\"http:\/\/www.vom-hohen-garten.de\/album\/album1\/index.html\" target=\"_blank\">Neue Bilder<\/a>&#160;&#160; <\/em><\/font><\/p>\n","protected":false},"excerpt":{"rendered":"<p>05.12.2010 Was f\u00fcr eine aufregende Nacht, unser A \u2013 Wurf ist&#160; da! Innerhalb von f\u00fcnf Stunden brachte Lena 6 Welpen zur Welt, es sind 5 R\u00fcden und eine H\u00fcndin. Ein R\u00fcde hat den Sprung ins Leben leider nicht geschafft. &#160; &hellip; <a href=\"https:\/\/www.vom-hohen-garten.de\/?page_id=115\">Weiterlesen <span class=\"meta-nav\">&rarr;<\/span><\/a><\/p>\n","protected":false},"author":1,"featured_media":0,"parent":17,"menu_order":0,"comment_status":"closed","ping_status":"closed","template":"","meta":{"footnotes":""},"_links":{"self":[{"href":"https:\/\/www.vom-hohen-garten.de\/index.php?rest_route=\/wp\/v2\/pages\/115"}],"collection":[{"href":"https:\/\/www.vom-hohen-garten.de\/index.php?rest_route=\/wp\/v2\/pages"}],"about":[{"href":"https:\/\/www.vom-hohen-garten.de\/index.php?rest_route=\/wp\/v2\/types\/page"}],"author":[{"embeddable":true,"href":"https:\/\/www.vom-hohen-garten.de\/index.php?rest_route=\/wp\/v2\/users\/1"}],"replies":[{"embeddable":true,"href":"https:\/\/www.vom-hohen-garten.de\/index.php?rest_route=%2Fwp%2Fv2%2Fcomments&post=115"}],"version-history":[{"count":31,"href":"https:\/\/www.vom-hohen-garten.de\/index.php?rest_route=\/wp\/v2\/pages\/115\/revisions"}],"predecessor-version":[{"id":873,"href":"https:\/\/www.vom-hohen-garten.de\/index.php?rest_route=\/wp\/v2\/pages\/115\/revisions\/873"}],"up":[{"embeddable":true,"href":"https:\/\/www.vom-hohen-garten.de\/index.php?rest_route=\/wp\/v2\/pages\/17"}],"wp:attachment":[{"href":"https:\/\/www.vom-hohen-garten.de\/index.php?rest_route=%2Fwp%2Fv2%2Fmedia&parent=115"}],"curies":[{"name":"wp","href":"https:\/\/api.w.org\/{rel}","templated":true}]}}