{"id":140,"date":"2010-12-12T14:30:05","date_gmt":"2010-12-12T13:30:05","guid":{"rendered":"http:\/\/www.vom-hohen-garten.de\/?page_id=140"},"modified":"2018-03-16T18:15:05","modified_gmt":"2018-03-16T17:15:05","slug":"ber-uns","status":"publish","type":"page","link":"https:\/\/www.vom-hohen-garten.de\/?page_id=140","title":{"rendered":"&Uuml;ber uns"},"content":{"rendered":"<p align=\"left\"><a href=\"http:\/\/www.vom-hohen-garten.de\/wp-content\/uploads\/2013\/04\/Eika-Kira.jpg\"><font face=\"Berlin Sans FB\"><img loading=\"lazy\" decoding=\"async\" title=\"Eika &amp; Kira\" style=\"border-left-width: 0px; border-right-width: 0px; background-image: none; border-bottom-width: 0px; float: left; padding-top: 0px; padding-left: 0px; margin: 0px 5px 0px 0px; display: inline; padding-right: 0px; border-top-width: 0px\" border=\"0\" alt=\"Eika &amp; Kira\" src=\"http:\/\/www.vom-hohen-garten.de\/wp-content\/uploads\/2013\/04\/Eika-Kira_thumb.jpg\" width=\"240\" align=\"left\" height=\"180\"><\/font><\/a><font face=\"Berlin Sans FB\"><span style=\"font-size: medium\">Wir sind Silvia &amp; Wilhelm Oetting. Zu unserer kleinen <\/span><span style=\"font-size: medium\">Familie <\/span><span style=\"font-size: medium\">geh\u00f6rt auch <\/span><span style=\"font-size: medium\">unser erwachsener Sohn Benjamin. Unser Wohnort Petershagen liegt im nord<\/span><span style=\"font-size: medium\">\u00f6stliche Nordrhein &#8211;&nbsp; Westfalen. <\/span><\/font><font face=\"Berlin Sans FB\"><span style=\"font-size: medium\">Unsere Hundegeschichte beginnt 1995 mit dem <\/span><span style=\"font-size: medium\">Einzug von <\/span><span style=\"font-size: medium\">Kira, einer kleinen Golden Retriever <\/span><\/font><font face=\"Berlin Sans FB\"><span style=\"font-size: medium\">Dame. <\/span><span style=\"font-size: medium\">1997 kommt <\/span><span style=\"font-size: medium\">Eika, eine Labrador H\u00fcndin die <\/span><span style=\"font-size: medium\">unserem Sohn geh\u00f6rt hinzu. <\/span><\/font><\/p>\n<p align=\"left\"><font face=\"Berlin Sans FB\"><span style=\"font-size: medium\">Im Mai 2008 ging Kira ( *11.11.1994 \u2013 t 22.05.2008 ) nach&nbsp; einem ereignis- <br \/>reichem Leben von&nbsp; uns. Mit Eika trauerten wir um einen&nbsp; Schatz von Hund der einfach nur lieb war. <\/span><span style=\"font-size: medium\">Nach kurzer Trauer stand fest, wir und auch Eika m\u00f6chten mit einem neuen Mitbewohner wieder sch\u00f6ne und gl\u00fcckliche Stunden erleben.<\/span><\/font><\/p>\n<p align=\"left\"><font face=\"Berlin Sans FB\"><span style=\"font-size: medium\">Obwohl wir Kira immer in unserem Herzen behalten werden. Durch die Welpenvermittlung im DRC fanden wir dann, das es einen Wurf im Zwinger \u201cvom Tor zur Egge \u201c gab. Also bewarben wir uns dort um einen Welpen. B\u00e4rbel Daye, die wir schon aus <\/span><span style=\"font-size: medium\">fr\u00fcheren Zeiten kannten, sicherte uns zu, das wir ein M\u00e4del aus ihrem \u201cL- Wurf \u201cbekommen. Also zog am 06.07.2008 Lena vom Tor zur Egge bei uns ein. <a href=\"http:\/\/www.vom-hohen-garten.de\/wp-content\/uploads\/2013\/04\/Lena-vom-Tor-zur-Egge1.jpg\"><img loading=\"lazy\" decoding=\"async\" title=\"Lena vom Tor zur Egge\" style=\"border-left-width: 0px; border-right-width: 0px; background-image: none; border-bottom-width: 0px; float: right; padding-top: 0px; padding-left: 0px; display: inline; padding-right: 0px; border-top-width: 0px\" border=\"0\" alt=\"Lena vom Tor zur Egge\" src=\"http:\/\/www.vom-hohen-garten.de\/wp-content\/uploads\/2013\/04\/Lena-vom-Tor-zur-Egge1_thumb.jpg\" width=\"240\" align=\"right\" height=\"180\"><\/a><\/span><\/font><\/p>\n<p align=\"left\"><font face=\"Berlin Sans FB\"><span style=\"font-size: medium\">Dank noch<\/span><span style=\"font-size: medium\"> einmal an B\u00e4rbel f\u00fcr diesen tollen Hund. Lena apportiert f\u00fcr ihr Leben gern und es macht auch richtig Spa\u00df, mit ihr zu arbeiten. Mit ihrem Wesenstest und den Gesundheitsergebnissen sind wir sehr zufrieden, sodass wir sie als Zuchth\u00fcndin meldeten. Auch suchten wir uns einen Zwingernamen und bean- alles. Bei der Namensgebung unseres Zwingers sollte sich auf jeden Fall auf unsere Heimat und Familie beziehen. Darum \u201cvom hohen Garten\u201d .<\/span><\/font><\/p>\n<p><span style=\"font-size: medium\"><font face=\"Berlin Sans FB\">Im April 2010 verstarb Eika ( *05.05.1997 \u2013 t 11.04.2010 ) an einer schweren Krankheit, sodass Lena nun allein bei uns ist. <\/p>\n<p>Im Sommer 2010 reifte bei uns der Gedanke einmal einen Wurf mit Lena zu haben. Am 05.12.2010 brachte Lena dann unsern A-Wurf zur Welt. Aus diesem Wurf haben wir eine H\u00fcndin behalten. <\/font><\/span><span style=\"font-size: medium\"><br \/><a href=\"http:\/\/www.vom-hohen-garten.de\/wp-content\/uploads\/2013\/04\/100_2414.jpg\"><font face=\"Berlin Sans FB\"><img loading=\"lazy\" decoding=\"async\" title=\"100_2414\" style=\"border-left-width: 0px; border-right-width: 0px; background-image: none; border-bottom-width: 0px; float: left; padding-top: 0px; padding-left: 0px; margin: 0px 5px 0px 0px; display: inline; padding-right: 0px; border-top-width: 0px\" border=\"0\" alt=\"100_2414\" src=\"http:\/\/www.vom-hohen-garten.de\/wp-content\/uploads\/2013\/04\/100_2414_thumb.jpg\" width=\"240\" align=\"left\" height=\"180\"><\/font><\/a><font face=\"Berlin Sans FB\">Mit Amy hat sich unser Rudel nun erweitert. Amy entwickelte sich zu einer temperamentvollen,arbeitsfreudigen <br \/><\/font><\/span><span style=\"font-size: medium\"><font face=\"Berlin Sans FB\">,lieben H\u00fcndin. Nachdem auch die Gesundheitsergebnisse ganz toll ausge- <br \/>fallen waren,haben wir uns entschlossen auch Amy als Zuchth\u00fcndin anzumelden. Ihre ersten Welpen, unseren C \u2013 Wurf, <br \/>&nbsp;&nbsp;&nbsp;&nbsp;&nbsp;&nbsp;&nbsp;&nbsp;&nbsp;&nbsp;&nbsp;&nbsp;&nbsp;&nbsp;&nbsp;&nbsp;&nbsp;&nbsp;&nbsp;&nbsp;&nbsp;&nbsp;&nbsp;&nbsp;&nbsp;&nbsp;&nbsp;&nbsp;&nbsp;&nbsp;&nbsp;&nbsp;&nbsp;&nbsp;&nbsp;&nbsp;&nbsp;&nbsp;&nbsp;&nbsp;&nbsp;&nbsp;&nbsp;&nbsp;&nbsp;&nbsp;&nbsp;&nbsp; brachte Amy <\/font><\/span><span style=\"font-size: medium\"><font face=\"Berlin Sans FB\">am 02.09.2014 zur Welt. <br \/><\/font><a href=\"http:\/\/www.vom-hohen-garten.de\/wp-content\/uploads\/2016\/01\/Campina-vom-hohen-Garten.jpg\"><font face=\"Berlin Sans FB\"><img loading=\"lazy\" decoding=\"async\" title=\"Campina vom hohen Garten\" style=\"border-left-width: 0px; border-right-width: 0px; background-image: none; border-bottom-width: 0px; float: right; padding-top: 0px; padding-left: 0px; display: inline; padding-right: 0px; border-top-width: 0px\" border=\"0\" alt=\"Campina vom hohen Garten\" src=\"http:\/\/www.vom-hohen-garten.de\/wp-content\/uploads\/2016\/01\/Campina-vom-hohen-Garten_thumb.jpg\" width=\"240\" align=\"right\" height=\"160\"><\/font><\/a><\/span><font size=\"3\"><font face=\"Berlin Sans FB\">Schon vor der Geburt der Welpen stand f\u00fcr uns fest, auch aus diesem Wurf w\u00fcrden wir eine H\u00fcndin behalten, somit blieb Campina bei uns. <\/font><\/font><\/p>\n<p><font size=\"3\"><font face=\"Berlin Sans FB\"><\/font><\/font>&nbsp;<font size=\"3\"><font face=\"Berlin Sans FB\">Am 17.03.2016 brachte Lena ihren letzten Wurf, unseren D \u2013 Wurf zur Welt. <a href=\"http:\/\/www.vom-hohen-garten.de\/wp-content\/uploads\/2018\/03\/IMG_9867.jpg\"><img loading=\"lazy\" decoding=\"async\" title=\"IMG_9867\" style=\"border-left-width: 0px; border-right-width: 0px; background-image: none; border-bottom-width: 0px; float: left; padding-top: 0px; padding-left: 0px; margin: 0px 5px 0px 0px; display: inline; padding-right: 0px; border-top-width: 0px\" border=\"0\" alt=\"IMG_9867\" src=\"http:\/\/www.vom-hohen-garten.de\/wp-content\/uploads\/2018\/03\/IMG_9867_thumb.jpg\" width=\"213\" align=\"left\" height=\"184\"><\/a>F\u00fcr uns stand von Anfang an fest, auch aus diesem Wurf<\/font><\/font><font size=\"3\"><font face=\"Berlin Sans FB\"> w\u00fcrden wir eine H\u00fcndin behalten. <br \/>Mit Holly hat sich unser Rudel nun noch einmal vergr\u00f6\u00dfert.<br \/><\/font><\/font><\/p>\n<p><font size=\"3\"><font face=\"Berlin Sans FB\">In August 2016 mussten wir uns, leider viel zu fr\u00fch von Campina ( *02.09.2014 \u2013 t 15.08.2016 ) verabschieden.<\/p>\n<p><\/font><\/font><\/p>\n","protected":false},"excerpt":{"rendered":"<p>Wir sind Silvia &amp; Wilhelm Oetting. Zu unserer kleinen Familie geh\u00f6rt auch unser erwachsener Sohn Benjamin. Unser Wohnort Petershagen liegt im nord\u00f6stliche Nordrhein &#8211;&nbsp; Westfalen. Unsere Hundegeschichte beginnt 1995 mit dem Einzug von Kira, einer kleinen Golden Retriever Dame. 1997 &hellip; <a href=\"https:\/\/www.vom-hohen-garten.de\/?page_id=140\">Weiterlesen <span class=\"meta-nav\">&rarr;<\/span><\/a><\/p>\n","protected":false},"author":1,"featured_media":0,"parent":0,"menu_order":1,"comment_status":"closed","ping_status":"closed","template":"","meta":{"footnotes":""},"_links":{"self":[{"href":"https:\/\/www.vom-hohen-garten.de\/index.php?rest_route=\/wp\/v2\/pages\/140"}],"collection":[{"href":"https:\/\/www.vom-hohen-garten.de\/index.php?rest_route=\/wp\/v2\/pages"}],"about":[{"href":"https:\/\/www.vom-hohen-garten.de\/index.php?rest_route=\/wp\/v2\/types\/page"}],"author":[{"embeddable":true,"href":"https:\/\/www.vom-hohen-garten.de\/index.php?rest_route=\/wp\/v2\/users\/1"}],"replies":[{"embeddable":true,"href":"https:\/\/www.vom-hohen-garten.de\/index.php?rest_route=%2Fwp%2Fv2%2Fcomments&post=140"}],"version-history":[{"count":30,"href":"https:\/\/www.vom-hohen-garten.de\/index.php?rest_route=\/wp\/v2\/pages\/140\/revisions"}],"predecessor-version":[{"id":3288,"href":"https:\/\/www.vom-hohen-garten.de\/index.php?rest_route=\/wp\/v2\/pages\/140\/revisions\/3288"}],"wp:attachment":[{"href":"https:\/\/www.vom-hohen-garten.de\/index.php?rest_route=%2Fwp%2Fv2%2Fmedia&parent=140"}],"curies":[{"name":"wp","href":"https:\/\/api.w.org\/{rel}","templated":true}]}}