{"id":21,"date":"2010-12-06T17:02:50","date_gmt":"2010-12-06T17:02:50","guid":{"rendered":"http:\/\/www.vom-hohen-garten.de\/?page_id=21"},"modified":"2023-01-26T14:28:50","modified_gmt":"2023-01-26T13:28:50","slug":"gastebuch","status":"publish","type":"page","link":"https:\/\/www.vom-hohen-garten.de\/?page_id=21","title":{"rendered":"G&auml;stebuch"},"content":{"rendered":"<p><span style=\"font-family: Berlin Sans FB; font-size: large;\">Herzlich Willkommen in unserem G\u00e4stebuch.<\/span><\/p>\n<p>\u00dcber Gr\u00fc\u00dfe und\/oder Kommentare w\u00fcrden wir uns sehr freuen.<br \/>\nSie k\u00f6nnen am Ende der Seite erstellt werden.<\/p>\n","protected":false},"excerpt":{"rendered":"<p>Herzlich Willkommen in unserem G\u00e4stebuch. \u00dcber Gr\u00fc\u00dfe und\/oder Kommentare w\u00fcrden wir uns sehr freuen. Sie k\u00f6nnen am Ende der Seite erstellt werden.<\/p>\n","protected":false},"author":1,"featured_media":0,"parent":0,"menu_order":8,"comment_status":"open","ping_status":"open","template":"","meta":{"footnotes":""},"_links":{"self":[{"href":"https:\/\/www.vom-hohen-garten.de\/index.php?rest_route=\/wp\/v2\/pages\/21"}],"collection":[{"href":"https:\/\/www.vom-hohen-garten.de\/index.php?rest_route=\/wp\/v2\/pages"}],"about":[{"href":"https:\/\/www.vom-hohen-garten.de\/index.php?rest_route=\/wp\/v2\/types\/page"}],"author":[{"embeddable":true,"href":"https:\/\/www.vom-hohen-garten.de\/index.php?rest_route=\/wp\/v2\/users\/1"}],"replies":[{"embeddable":true,"href":"https:\/\/www.vom-hohen-garten.de\/index.php?rest_route=%2Fwp%2Fv2%2Fcomments&post=21"}],"version-history":[{"count":9,"href":"https:\/\/www.vom-hohen-garten.de\/index.php?rest_route=\/wp\/v2\/pages\/21\/revisions"}],"predecessor-version":[{"id":3686,"href":"https:\/\/www.vom-hohen-garten.de\/index.php?rest_route=\/wp\/v2\/pages\/21\/revisions\/3686"}],"wp:attachment":[{"href":"https:\/\/www.vom-hohen-garten.de\/index.php?rest_route=%2Fwp%2Fv2%2Fmedia&parent=21"}],"curies":[{"name":"wp","href":"https:\/\/api.w.org\/{rel}","templated":true}]}}