{"id":2589,"date":"2015-12-06T16:23:12","date_gmt":"2015-12-06T15:23:12","guid":{"rendered":"http:\/\/www.vom-hohen-garten.de\/?page_id=2589"},"modified":"2026-03-25T14:50:36","modified_gmt":"2026-03-25T13:50:36","slug":"d-wurf","status":"publish","type":"page","link":"https:\/\/www.vom-hohen-garten.de\/?page_id=2589","title":{"rendered":"Wurfplanung"},"content":{"rendered":"<blockquote>\n<p><font size=\"3\" face=\"Berlin Sans FB\">&nbsp;<\/font><a href=\"http:\/\/www.vom-hohen-garten.de\/wp-content\/uploads\/2025\/10\/20251010_085634.jpg\"><font size=\"3\" face=\"Berlin Sans FB\"><img loading=\"lazy\" decoding=\"async\" title=\"20251010_085634\" style=\"border-left-width: 0px; border-right-width: 0px; background-image: none; border-bottom-width: 0px; padding-top: 0px; padding-left: 0px; display: inline; padding-right: 0px; border-top-width: 0px\" border=\"0\" alt=\"20251010_085634\" src=\"http:\/\/www.vom-hohen-garten.de\/wp-content\/uploads\/2025\/10\/20251010_085634_thumb.jpg\" width=\"213\" height=\"160\"><\/font><\/a><font size=\"3\" face=\"Berlin Sans FB\">&nbsp;&nbsp;&nbsp;&nbsp;&nbsp;&nbsp;&nbsp;&nbsp;&nbsp;&nbsp;&nbsp;&nbsp;&nbsp;&nbsp;&nbsp;&nbsp;&nbsp;&nbsp; <\/font><a href=\"http:\/\/www.vom-hohen-garten.de\/wp-content\/uploads\/2025\/10\/IMG_2847.jpg\"><font size=\"3\" face=\"Berlin Sans FB\"><img loading=\"lazy\" decoding=\"async\" title=\"IMG_2847\" style=\"border-left-width: 0px; border-right-width: 0px; background-image: none; border-bottom-width: 0px; padding-top: 0px; padding-left: 0px; display: inline; padding-right: 0px; border-top-width: 0px\" border=\"0\" alt=\"IMG_2847\" src=\"http:\/\/www.vom-hohen-garten.de\/wp-content\/uploads\/2025\/10\/IMG_2847_thumb.jpg\" width=\"240\" height=\"160\"><\/font><\/a><br \/><font size=\"3\" face=\"Berlin Sans FB\">&nbsp;&nbsp;&nbsp; <\/font><a href=\"https:\/\/drc.de\/adr\/listen\/show_druede.php?what=Hunde&amp;rvid=175278&amp;race=Golden%20Retriever\"><font size=\"3\" face=\"Berlin Sans FB\">Henny of Graceul Delight<\/font><\/a><font size=\"3\" face=\"Berlin Sans FB\">&nbsp;&nbsp;&nbsp;&nbsp;&nbsp;&nbsp;&nbsp;&nbsp;&nbsp;&nbsp;&nbsp;&nbsp;&nbsp;&nbsp;&nbsp;&nbsp;&nbsp;&nbsp;&nbsp;&nbsp;&nbsp;&nbsp;&nbsp;&nbsp;&nbsp;&nbsp;&nbsp;&nbsp;&nbsp;&nbsp;&nbsp;&nbsp;&nbsp;&nbsp;&nbsp;&nbsp;&nbsp; <\/font><a href=\"https:\/\/drc.de\/adr\/listen\/show_druede.php?what=Rueden&amp;rvid=182048&amp;race=Golden%20Retriever\"><font size=\"3\" face=\"Berlin Sans FB\">Sequins Strathconon<\/font><\/a><br \/><font size=\"3\" face=\"Berlin Sans FB\">&nbsp;&nbsp;&nbsp;&nbsp;&nbsp;&nbsp;&nbsp;&nbsp;&nbsp;&nbsp;&nbsp;&nbsp;&nbsp;&nbsp;&nbsp;&nbsp;&nbsp;&nbsp;&nbsp;&nbsp;&nbsp;&nbsp;&nbsp;&nbsp;&nbsp;&nbsp;&nbsp;&nbsp;&nbsp;&nbsp;&nbsp;&nbsp;&nbsp;&nbsp;&nbsp;&nbsp;&nbsp;&nbsp;&nbsp;&nbsp;&nbsp;&nbsp;&nbsp;&nbsp;&nbsp;&nbsp;&nbsp;&nbsp;&nbsp;&nbsp;&nbsp;&nbsp;&nbsp;&nbsp;&nbsp;&nbsp;&nbsp;&nbsp;&nbsp;&nbsp;&nbsp;&nbsp;&nbsp;&nbsp;&nbsp;&nbsp;&nbsp;&nbsp;&nbsp;&nbsp;&nbsp;&nbsp;&nbsp;&nbsp;&nbsp;&nbsp;&nbsp;&nbsp;&nbsp;&nbsp;&nbsp;&nbsp;&nbsp;&nbsp;&nbsp;&nbsp;&nbsp;&nbsp;&nbsp;&nbsp;&nbsp;&nbsp;&nbsp;&nbsp;&nbsp;&nbsp;&nbsp;&nbsp;&nbsp;&nbsp;&nbsp;&nbsp; Timber<\/font><\/p>\n<\/blockquote>\n<p><font size=\"3\" face=\"Berlin Sans FB\">Unseren G \u2013 Wurf planen wir mit unserer Henny. Nach langer Suche haben wir schlie\u00dflich<br \/>Timber gefunden. Ein Besuch in D\u00e4nemark&nbsp; best\u00e4tigte, er ist der richtige Partner f\u00fcr Henny.<br \/>Seine ausgeglichene Art, seine Freundlichkeit und seine Ausstrahlung \u00fcberzeugten uns. <br \/>Deckterim ist voraussichtlich im&nbsp; M\u00e4rz \/ April&nbsp; 2026 <\/font> <\/p>\n<p><font size=\"3\" face=\"Berlin Sans FB\">Bei Interesse an einem Welpen aus dieser Verpaarung freuen wir<br \/>uns \u00fcber eine Kontaktaufnahme.<br \/>Wir sind telefonisch unter<b> 05707\/2747<\/b> oder per Mail unter<br \/><b>fam.oetting@web.de<\/b> zu erreichen.<\/font><\/p>\n<p><font size=\"3\" face=\"Berlin Sans FB\"><strong><u><\/u><\/strong><\/font>&nbsp;<\/p>\n<p><font size=\"3\" face=\"Berlin Sans FB\"><strong><u>09.03.2026<\/u><\/strong><\/font><\/p>\n<p><font size=\"3\" face=\"Berlin Sans FB\">Henny ist l\u00e4ufig.<\/font><\/p>\n<p><font size=\"3\" face=\"Berlin Sans FB\"><\/font>&nbsp;<\/p>\n<p><font size=\"3\" face=\"Berlin Sans FB\"><strong><u>22.03.2026<\/u><\/strong><\/font><\/p>\n<p><a href=\"http:\/\/www.vom-hohen-garten.de\/wp-content\/uploads\/2026\/03\/Timber-Henny.jpg\"><img loading=\"lazy\" decoding=\"async\" title=\"Timber &amp; Henny\" style=\"border-top: 0px; border-right: 0px; background-image: none; border-bottom: 0px; float: left; padding-top: 0px; padding-left: 0px; border-left: 0px; margin: 6px 10px 0px 0px; display: inline; padding-right: 0px\" border=\"0\" alt=\"Timber &amp; Henny\" src=\"http:\/\/www.vom-hohen-garten.de\/wp-content\/uploads\/2026\/03\/Timber-Henny_thumb.jpg\" width=\"121\" align=\"left\" height=\"160\"><\/a><\/p>\n<p>&nbsp; <font size=\"3\" face=\"Berlin Sans FB\">Heute ist Henny von Timber gedeckt worden.<br \/><\/font><font size=\"3\" face=\"Berlin Sans FB\">&nbsp; Nun hei\u00dft es abwarten und Daumen dr\u00fccken.<\/font><\/p>\n","protected":false},"excerpt":{"rendered":"<p>&nbsp;&nbsp;&nbsp;&nbsp;&nbsp;&nbsp;&nbsp;&nbsp;&nbsp;&nbsp;&nbsp;&nbsp;&nbsp;&nbsp;&nbsp;&nbsp;&nbsp;&nbsp;&nbsp; &nbsp;&nbsp;&nbsp; Henny of Graceul Delight&nbsp;&nbsp;&nbsp;&nbsp;&nbsp;&nbsp;&nbsp;&nbsp;&nbsp;&nbsp;&nbsp;&nbsp;&nbsp;&nbsp;&nbsp;&nbsp;&nbsp;&nbsp;&nbsp;&nbsp;&nbsp;&nbsp;&nbsp;&nbsp;&nbsp;&nbsp;&nbsp;&nbsp;&nbsp;&nbsp;&nbsp;&nbsp;&nbsp;&nbsp;&nbsp;&nbsp;&nbsp; Sequins Strathconon&nbsp;&nbsp;&nbsp;&nbsp;&nbsp;&nbsp;&nbsp;&nbsp;&nbsp;&nbsp;&nbsp;&nbsp;&nbsp;&nbsp;&nbsp;&nbsp;&nbsp;&nbsp;&nbsp;&nbsp;&nbsp;&nbsp;&nbsp;&nbsp;&nbsp;&nbsp;&nbsp;&nbsp;&nbsp;&nbsp;&nbsp;&nbsp;&nbsp;&nbsp;&nbsp;&nbsp;&nbsp;&nbsp;&nbsp;&nbsp;&nbsp;&nbsp;&nbsp;&nbsp;&nbsp;&nbsp;&nbsp;&nbsp;&nbsp;&nbsp;&nbsp;&nbsp;&nbsp;&nbsp;&nbsp;&nbsp;&nbsp;&nbsp;&nbsp;&nbsp;&nbsp;&nbsp;&nbsp;&nbsp;&nbsp;&nbsp;&nbsp;&nbsp;&nbsp;&nbsp;&nbsp;&nbsp;&nbsp;&nbsp;&nbsp;&nbsp;&nbsp;&nbsp;&nbsp;&nbsp;&nbsp;&nbsp;&nbsp;&nbsp;&nbsp;&nbsp;&nbsp;&nbsp;&nbsp;&nbsp;&nbsp;&nbsp;&nbsp;&nbsp;&nbsp;&nbsp;&nbsp;&nbsp;&nbsp;&nbsp;&nbsp;&nbsp; Timber Unseren G \u2013 Wurf planen wir mit unserer Henny. Nach langer Suche haben wir schlie\u00dflichTimber gefunden. Ein Besuch in D\u00e4nemark&nbsp; best\u00e4tigte, er ist der richtige Partner f\u00fcr Henny.Seine ausgeglichene Art, seine &hellip; <a href=\"https:\/\/www.vom-hohen-garten.de\/?page_id=2589\">Weiterlesen <span class=\"meta-nav\">&rarr;<\/span><\/a><\/p>\n","protected":false},"author":1,"featured_media":0,"parent":0,"menu_order":1,"comment_status":"closed","ping_status":"closed","template":"","meta":{"footnotes":""},"_links":{"self":[{"href":"https:\/\/www.vom-hohen-garten.de\/index.php?rest_route=\/wp\/v2\/pages\/2589"}],"collection":[{"href":"https:\/\/www.vom-hohen-garten.de\/index.php?rest_route=\/wp\/v2\/pages"}],"about":[{"href":"https:\/\/www.vom-hohen-garten.de\/index.php?rest_route=\/wp\/v2\/types\/page"}],"author":[{"embeddable":true,"href":"https:\/\/www.vom-hohen-garten.de\/index.php?rest_route=\/wp\/v2\/users\/1"}],"replies":[{"embeddable":true,"href":"https:\/\/www.vom-hohen-garten.de\/index.php?rest_route=%2Fwp%2Fv2%2Fcomments&post=2589"}],"version-history":[{"count":37,"href":"https:\/\/www.vom-hohen-garten.de\/index.php?rest_route=\/wp\/v2\/pages\/2589\/revisions"}],"predecessor-version":[{"id":4214,"href":"https:\/\/www.vom-hohen-garten.de\/index.php?rest_route=\/wp\/v2\/pages\/2589\/revisions\/4214"}],"wp:attachment":[{"href":"https:\/\/www.vom-hohen-garten.de\/index.php?rest_route=%2Fwp%2Fv2%2Fmedia&parent=2589"}],"curies":[{"name":"wp","href":"https:\/\/api.w.org\/{rel}","templated":true}]}}