{"id":2670,"date":"2016-03-18T10:48:33","date_gmt":"2016-03-18T09:48:33","guid":{"rendered":"http:\/\/www.vom-hohen-garten.de\/?page_id=2670"},"modified":"2016-05-10T18:17:50","modified_gmt":"2016-05-10T17:17:50","slug":"d-wurf-2","status":"publish","type":"page","link":"https:\/\/www.vom-hohen-garten.de\/?page_id=2670","title":{"rendered":"D &#8211; Wurf"},"content":{"rendered":"<p><span style=\"font-size: medium; font-family: berlin sans fb;\">Lena am 16.03.2016<\/span><\/p>\n<p><a href=\"http:\/\/www.vom-hohen-garten.de\/wp-content\/uploads\/2016\/03\/IMG_8104.jpg\"><img loading=\"lazy\" decoding=\"async\" style=\"background-image: none; padding-top: 0px; padding-left: 0px; display: inline; padding-right: 0px; border-width: 0px;\" title=\"IMG_8104\" src=\"http:\/\/www.vom-hohen-garten.de\/wp-content\/uploads\/2016\/03\/IMG_8104_thumb.jpg\" alt=\"IMG_8104\" width=\"240\" height=\"160\" border=\"0\" \/><\/a><a href=\"http:\/\/www.vom-hohen-garten.de\/wp-content\/uploads\/2016\/03\/IMG_8101.jpg\"><img loading=\"lazy\" decoding=\"async\" style=\"background-image: none; padding-top: 0px; padding-left: 0px; display: inline; padding-right: 0px; border-width: 0px;\" title=\"IMG_8101\" src=\"http:\/\/www.vom-hohen-garten.de\/wp-content\/uploads\/2016\/03\/IMG_8101_thumb.jpg\" alt=\"IMG_8101\" width=\"240\" height=\"160\" border=\"0\" \/><\/a><\/p>\n<p><span style=\"font-size: medium; font-family: berlin sans fb;\">Lena`s Bauch ist in der letzten Woche noch sehr stark gewachsen.<br \/>\nWer Lena kennt, wei\u00df was sie jetzt zu tragen hat.<\/span><\/p>\n<p>&nbsp;<\/p>\n<p><span style=\"font-size: large; font-family: berlin sans fb;\"><strong><span style=\"text-decoration: underline;\">19.03.2014<\/span><\/strong><\/span><\/p>\n<p><a href=\"http:\/\/www.vom-hohen-garten.de\/wp-content\/uploads\/2016\/03\/IMG_81291.jpg\"><img loading=\"lazy\" decoding=\"async\" style=\"background-image: none; padding-top: 0px; padding-left: 0px; display: inline; padding-right: 0px; border-width: 0px;\" title=\"IMG_8129\" src=\"http:\/\/www.vom-hohen-garten.de\/wp-content\/uploads\/2016\/03\/IMG_8129_thumb1.jpg\" alt=\"IMG_8129\" width=\"240\" height=\"160\" border=\"0\" \/><\/a><\/p>\n<p><span style=\"font-size: large; font-family: berlin sans fb;\"><strong><span style=\"text-decoration: underline;\">20.03.2016<br \/>\n<\/span><\/strong><\/span><\/p>\n<p><span style=\"font-size: medium; font-family: berlin sans fb;\">Die <span style=\"color: #000080;\"><a style=\"color: #000080;\" href=\"http:\/\/www.vom-hohen-garten.de\/album\/20.03.2016\">ersten Tage<\/a><\/span> mit unserm\u00a0 D \u2013 Wurf sind vergangen. Lena k\u00fcmmert<br \/>\nsich r\u00fchrend um ihre Kinderschar. Bei den ersten Welpen ist auch schon die Nabelschnur abgefallen. Hauptbesch\u00e4ftigung<\/span><span style=\"font-size: medium; font-family: berlin sans fb;\">\u00a0 ist fressen, schlafen, fressen<\/span>\u2026..<\/p>\n<p><a href=\"https:\/\/youtu.be\/-DzT0nAqgJs\"><span style=\"color: #008000; font-family: Berlin Sans FB; font-size: medium;\">https:\/\/youtu.be\/-DzT0nAqgJs<\/span><\/a><\/p>\n<p><span style=\"text-decoration: underline;\"><strong><span style=\"font-size: 18pt; font-family: 'Berlin Sans FB','sans-serif'; color: #333333;\"><span style=\"font-size: large; font-family: berlin sans fb;\">24.03.2016<\/span><\/span><\/strong><\/span><\/p>\n<p><span style=\"font-size: medium; font-family: berlin sans fb;\"><span style=\"font-size: 13.5pt; font-family: 'Berlin Sans FB','sans-serif'; color: #333333;\"><span style=\"font-size: medium;\">Eine Woche ist die kleine <a href=\"http:\/\/www.vom-hohen-garten.de\/album\/24.03.2016\"><span style=\"font-family: berlin sans fb;\"><span style=\"color: #0000ff;\">Rasselbande<\/span><\/span><\/a> heute alt. Lena k\u00fcmmert sich r\u00fchrend um ihre kleine Bande. Alle Welpen entwickeln sich gut. Sie haben unendlichen Appetit.<\/span><br \/>\n<\/span><\/span><\/p>\n<p><span style=\"font-size: large; font-family: berlin sans fb;\"><strong><span style=\"text-decoration: underline;\">28.03.2016<\/span><\/strong><\/span><\/p>\n<p><span style=\"font-size: medium; font-family: berlin sans fb;\">Alle <span style=\"color: #000080;\"><a style=\"color: #000080;\" href=\"http:\/\/www.vom-hohen-garten.de\/28.03.2016\">Welpen<\/a><\/span> haben ihre Augen ge\u00f6ffnet. Auch ihre erste Wurmkur haben alle gut vertragen. Jetzt starten sie ihre ersten Gehversuche.<\/span><\/p>\n<p><a title=\"https:\/\/youtu.be\/VCYk7GCyGm4\" href=\"https:\/\/youtu.be\/VCYk7GCyGm4\"><span style=\"color: #008000; font-family: Berlin Sans FB; font-size: medium;\">https:\/\/youtu.be\/VCYk7GCyGm4<\/span><\/a><\/p>\n<p><span style=\"font-size: medium; font-family: berlin sans fb;\"><span style=\"font-size: large;\"><strong><u>03.04.2016<\/u><\/strong><\/span><\/span><\/p>\n<p><span style=\"font-size: medium; font-family: berlin sans fb;\"><span style=\"font-size: large;\">Zwei Wochen sind die kleinen Racker nun alt und der Platz in der Wurfkiste wird langsam knapp. Wir einen kleinen <a href=\"http:\/\/www.vom-hohen-garten.de\/album\/03.04.2016\"><span style=\"color: #0000ff;\">Auslauf<\/span><\/a> angebaut, der nun langsam erobert wird.<\/span><\/span><\/p>\n<p><span style=\"font-size: medium; font-family: berlin sans fb;\"><a href=\"https:\/\/youtu.be\/5_nJF2z8ZDU\"><span style=\"color: #008000; font-family: Berlin Sans FB;\">https:\/\/youtu.be\/5_nJF2z8ZDU<\/span><\/a><\/span><\/p>\n<p><span style=\"font-size: medium; font-family: berlin sans fb;\"><span style=\"font-size: large;\"><strong><u>06.04.2016<\/u><\/strong><\/span><\/span><\/p>\n<p><span style=\"font-family: Berlin Sans FB; font-size: medium;\">Unsere <a href=\"http:\/\/www.vom-hohen-garten.de\/album\/06.04.2016\"><span style=\"color: #0000ff;\">kleinen Hunde<\/span><\/a> werden immer mobiler. Damit sie ihre <a href=\"https:\/\/youtu.be\/3ygbJkPQ3PU\"><span style=\"color: #008000;\">Kondition<\/span><\/a> verbessern k\u00f6nnen, ist der Auslauf noch einmal etwas vergr\u00f6\u00dfert worden. <\/span><\/p>\n<p><strong><u><span style=\"font-family: Berlin Sans FB; font-size: large;\">11.04.2016<\/span><\/u><\/strong><\/p>\n<p><span style=\"font-family: Berlin Sans FB; font-size: medium;\"><span style=\"font-family: Berlin Sans FB;\">Drei Wochen sind die <\/span><a href=\"http:\/\/www.vom-hohen-garten.de\/album\/12.11.2012\"><span style=\"color: #0000ff; font-family: Berlin Sans FB;\">kleinen Tiere<\/span><\/a><span style=\"font-family: Berlin Sans FB;\"> nun alt und haben auch die zweite Wurmkur gut vertragen. Am Wochenende durften die D\u00a0\u2013 chen den ersten Besuch ihrer neuen Familien erleben. Es war <span style=\"color: #333333;\">aufregend<\/span>, aber alle haben es gut \u00fcberstanden.<\/span><\/span><\/p>\n<p><a title=\"https:\/\/youtu.be\/9ItfEwkgbmA\" href=\"https:\/\/youtu.be\/9ItfEwkgbmA\"><span style=\"color: #008000; font-family: Berlin Sans FB; font-size: medium;\">https:\/\/youtu.be\/9ItfEwkgbmA<\/span><\/a><\/p>\n<p><strong><u><span style=\"font-family: Berlin Sans FB; font-size: large;\">15.04.2016<\/span><\/u><\/strong><\/p>\n<p><span style=\"font-family: Berlin Sans FB; font-size: medium;\"><span style=\"font-family: Berlin Sans FB;\">Der Auslauf ist noch einmal vergr\u00f6\u00dfert worden, somit haben die kleinen Racker noch mehr platz um sich <\/span><a href=\"http:\/\/www.vom-hohen-garten.de\/album\/15.04.2015\"><span style=\"color: #0000ff; font-family: Berlin Sans FB;\">auszutoben<\/span><\/a><span style=\"font-family: Berlin Sans FB;\">. Mit nun vier Wochen durften sie das erste Mal ihren <\/span><a href=\"https:\/\/youtu.be\/b1aUvZV16io\"><span style=\"color: #008000; font-family: Berlin Sans FB;\">\u201cKnast\u201d<\/span><\/a><span style=\"font-family: Berlin Sans FB;\"> ins Freie verblassen.<\/span><\/span><\/p>\n<p><span style=\"font-family: Berlin Sans FB; font-size: large;\"><strong><u><span style=\"font-family: Berlin Sans FB;\">20.04.2016<\/span><\/u><\/strong><span style=\"font-size: medium;\"><br \/>\n<\/span><\/span><\/p>\n<p><span style=\"font-family: Berlin Sans FB; font-size: large;\"><span style=\"font-size: medium;\"><span style=\"font-family: Berlin Sans FB;\">Morgen werden die Welpen nun schon\u00a0<\/span><a href=\"http:\/\/www.vom-hohen-garten.de\/album\/20.04.2016\"><span style=\"color: #0000ff; font-family: Berlin Sans FB;\">f\u00fcnf Wochen<\/span><\/a><span style=\"font-family: Berlin Sans FB;\">. Alle von uns angebotenen<br \/>\n<span style=\"color: #333333;\">Spielzeuge<\/span>\u00a0werden begeistert in Augenschein genommen. Besonders das <\/span><\/span><\/span><span style=\"font-family: Berlin Sans FB; font-size: large;\"><span style=\"font-size: medium;\"><a href=\"https:\/\/youtu.be\/3Clmh7hcias\"><span style=\"color: #008000; font-family: Berlin Sans FB;\">Balancierkarussell<\/span><\/a><span style=\"font-family: Berlin Sans FB;\">\u00a0steht hoch im Kurs.<\/span><\/span><\/span><\/p>\n<p><strong><u><span style=\"font-family: Berlin Sans FB; font-size: large;\">24.04.2016<\/span><\/u><\/strong><\/p>\n<p><span style=\"font-family: Berlin Sans FB;\">Gestern sind unsere D\u00a0\u2013 chen das erste Mal <\/span><a href=\"http:\/\/www.vom-hohen-garten.de\/album\/24.04.2016\"><span style=\"color: #0066cc; font-family: Berlin Sans FB; font-size: medium;\">Auto gefahren<\/span><\/a><span style=\"font-family: Berlin Sans FB; font-size: medium;\">. Beim Start war die Aufregung gro\u00df, aber mit jedem Meter Fahrt wurden sie ruhiger. Nach einer kurzen Pause im Wald sind alle wieder gesund und munter zu Hause angekommen.<\/span><\/p>\n<p><span style=\"font-family: Berlin Sans FB; font-size: large;\"><strong><u>28.04.2016<\/u><\/strong><\/span><\/p>\n<p><span style=\"font-family: Berlin Sans FB; font-size: medium;\"><span style=\"font-family: Berlin Sans FB;\">Heute sind die kleinen Racker <\/span><a href=\"http:\/\/www.vom-hohen-garten.de\/album\/28.04.2016\"><span style=\"color: #0000ff; font-family: Berlin Sans FB;\">sechs Wochen<\/span><\/a><span style=\"font-family: Berlin Sans FB;\"> geworden. Mit jedem Tag werden sie mobiler, ganz hoch im Kurs steht auch das <\/span><a href=\"https:\/\/youtu.be\/hWwgNwilEAg\"><span style=\"color: #008000; font-family: Berlin Sans FB;\">B\u00e4lle Bad<\/span><\/a><span style=\"font-family: Berlin Sans FB;\">.<\/span><\/span><\/p>\n<p><strong><span style=\"font-family: Berlin Sans FB; font-size: large;\"><u>10.05.2016<\/u><\/span><\/strong><\/p>\n<p><span style=\"font-family: Berlin Sans FB;\">Die letze Woche war f\u00fcr unsere <\/span><a href=\"http:\/\/www.vom-hohen-garten.de\/album\/10.05.2016\"><span style=\"color: #0000ff; font-family: Berlin Sans FB;\">kleine Bande<\/span><\/a><span style=\"font-family: Berlin Sans FB;\"> spannend. Erst war der Welpentest den sie<br \/>\nmit Bravour durchliefen. Am Freitag stand ein kleiner Ausflug zum Badesee auf dem Programm, das war toll!! Dann gab es auch noch die letzte Wurmkur. Montag stand der Tierarztbesuch auf dem Plan. Untersuchung, Impfen und Chippen haben sie tapfer ertragen. Abschlie\u00dfend fand heute noch die Wurfabnahme statt. Jetzt genie\u00dfen wir die <a href=\"https:\/\/youtu.be\/F5nT2YKxVU4\"><span style=\"color: #008000;\">letzten Tage <\/span><\/a>mit den acht Rackern, bis die Ersten dann ausziehen.<\/span><\/p>\n<p>&nbsp;<\/p>\n","protected":false},"excerpt":{"rendered":"<p>Lena am 16.03.2016 Lena`s Bauch ist in der letzten Woche noch sehr stark gewachsen. Wer Lena kennt, wei\u00df was sie jetzt zu tragen hat. &nbsp; 19.03.2014 20.03.2016 Die ersten Tage mit unserm\u00a0 D \u2013 Wurf sind vergangen. Lena k\u00fcmmert sich &hellip; <a href=\"https:\/\/www.vom-hohen-garten.de\/?page_id=2670\">Weiterlesen <span class=\"meta-nav\">&rarr;<\/span><\/a><\/p>\n","protected":false},"author":1,"featured_media":0,"parent":17,"menu_order":4,"comment_status":"closed","ping_status":"closed","template":"","meta":{"footnotes":""},"_links":{"self":[{"href":"https:\/\/www.vom-hohen-garten.de\/index.php?rest_route=\/wp\/v2\/pages\/2670"}],"collection":[{"href":"https:\/\/www.vom-hohen-garten.de\/index.php?rest_route=\/wp\/v2\/pages"}],"about":[{"href":"https:\/\/www.vom-hohen-garten.de\/index.php?rest_route=\/wp\/v2\/types\/page"}],"author":[{"embeddable":true,"href":"https:\/\/www.vom-hohen-garten.de\/index.php?rest_route=\/wp\/v2\/users\/1"}],"replies":[{"embeddable":true,"href":"https:\/\/www.vom-hohen-garten.de\/index.php?rest_route=%2Fwp%2Fv2%2Fcomments&post=2670"}],"version-history":[{"count":50,"href":"https:\/\/www.vom-hohen-garten.de\/index.php?rest_route=\/wp\/v2\/pages\/2670\/revisions"}],"predecessor-version":[{"id":2831,"href":"https:\/\/www.vom-hohen-garten.de\/index.php?rest_route=\/wp\/v2\/pages\/2670\/revisions\/2831"}],"up":[{"embeddable":true,"href":"https:\/\/www.vom-hohen-garten.de\/index.php?rest_route=\/wp\/v2\/pages\/17"}],"wp:attachment":[{"href":"https:\/\/www.vom-hohen-garten.de\/index.php?rest_route=%2Fwp%2Fv2%2Fmedia&parent=2670"}],"curies":[{"name":"wp","href":"https:\/\/api.w.org\/{rel}","templated":true}]}}