{"id":2938,"date":"2016-08-26T17:19:00","date_gmt":"2016-08-26T16:19:00","guid":{"rendered":"http:\/\/www.vom-hohen-garten.de\/?page_id=2938"},"modified":"2023-09-15T09:36:07","modified_gmt":"2023-09-15T08:36:07","slug":"erinnerungen","status":"publish","type":"page","link":"https:\/\/www.vom-hohen-garten.de\/?page_id=2938","title":{"rendered":"Erinnerungen"},"content":{"rendered":"<p><a href=\"http:\/\/www.vom-hohen-garten.de\/wp-content\/uploads\/2023\/09\/Kira_111.jpg\"><img loading=\"lazy\" decoding=\"async\" title=\"Kira_1\" style=\"border-left-width: 0px; border-right-width: 0px; background-image: none; border-bottom-width: 0px; padding-top: 0px; padding-left: 0px; display: inline; padding-right: 0px; border-top-width: 0px\" border=\"0\" alt=\"Kira_1\" src=\"http:\/\/www.vom-hohen-garten.de\/wp-content\/uploads\/2023\/09\/Kira_111_thumb.jpg\" width=\"130\" height=\"98\"><\/a>&nbsp;&nbsp;&nbsp;&nbsp; <a href=\"http:\/\/www.vom-hohen-garten.de\/wp-content\/uploads\/2023\/09\/Eika_115.jpg\"><img loading=\"lazy\" decoding=\"async\" title=\"Eika_1\" style=\"border-left-width: 0px; border-right-width: 0px; background-image: none; border-bottom-width: 0px; padding-top: 0px; padding-left: 0px; display: inline; padding-right: 0px; border-top-width: 0px\" border=\"0\" alt=\"Eika_1\" src=\"http:\/\/www.vom-hohen-garten.de\/wp-content\/uploads\/2023\/09\/Eika_115_thumb.jpg\" width=\"130\" height=\"98\"><\/a>&nbsp;&nbsp;&nbsp;&nbsp;&nbsp; <a href=\"http:\/\/www.vom-hohen-garten.de\/wp-content\/uploads\/2023\/09\/Campina_19.jpg\"><img loading=\"lazy\" decoding=\"async\" title=\"Campina_1\" style=\"border-left-width: 0px; border-right-width: 0px; background-image: none; border-bottom-width: 0px; padding-top: 0px; padding-left: 0px; display: inline; padding-right: 0px; border-top-width: 0px\" border=\"0\" alt=\"Campina_1\" src=\"http:\/\/www.vom-hohen-garten.de\/wp-content\/uploads\/2023\/09\/Campina_19_thumb.jpg\" width=\"145\" height=\"97\"><\/a><a>&nbsp;<\/a><\/p>\n<p><a href=\"http:\/\/www.vom-hohen-garten.de\/wp-content\/uploads\/2023\/09\/Lena.jpg\"><img loading=\"lazy\" decoding=\"async\" title=\"Lena\" style=\"border-top: 0px; border-right: 0px; background-image: none; border-bottom: 0px; padding-top: 0px; padding-left: 0px; border-left: 0px; display: inline; padding-right: 0px\" border=\"0\" alt=\"Lena\" src=\"http:\/\/www.vom-hohen-garten.de\/wp-content\/uploads\/2023\/09\/Lena_thumb.jpg\" width=\"71\" height=\"125\"><\/a><a>&nbsp;<\/a>&nbsp;&nbsp;&nbsp;&nbsp;&nbsp;&nbsp; <a href=\"http:\/\/www.vom-hohen-garten.de\/wp-content\/uploads\/2023\/09\/Holly.jpg\"><img loading=\"lazy\" decoding=\"async\" title=\"Holly\" style=\"border-top: 0px; border-right: 0px; background-image: none; border-bottom: 0px; padding-top: 0px; padding-left: 0px; border-left: 0px; display: inline; padding-right: 0px\" border=\"0\" alt=\"Holly\" src=\"http:\/\/www.vom-hohen-garten.de\/wp-content\/uploads\/2023\/09\/Holly_thumb.jpg\" width=\"71\" height=\"125\"><\/a>&nbsp;&nbsp;&nbsp;&nbsp;&nbsp; <a href=\"http:\/\/www.vom-hohen-garten.de\/wp-content\/uploads\/2023\/09\/Amy-vom-hohen-Garten-1.jpg\"><img loading=\"lazy\" decoding=\"async\" title=\"Amy vom hohen Garten\" style=\"border-left-width: 0px; border-right-width: 0px; background-image: none; border-bottom-width: 0px; padding-top: 0px; padding-left: 0px; display: inline; padding-right: 0px; border-top-width: 0px\" border=\"0\" alt=\"Amy vom hohen Garten\" src=\"http:\/\/www.vom-hohen-garten.de\/wp-content\/uploads\/2023\/09\/Amy-vom-hohen-Garten_thumb-1.jpg\" width=\"94\" height=\"125\"><\/a><a><b><br \/><\/b><br \/><span style=\"font-size: small\">&nbsp;<\/span><span style=\"font-size: small; font-family: berlin sans fb\">Eine Br\u00fccke verbindet Himmel und Erde. Wegen der vielen Farben nennt man sie<br \/>\u201cBr\u00fccke des Regenbogens\u201d.<br \/>Auf dieser Seite des Regenbogens liegt ein Land mit Wiesen, H\u00fcgeln und saftigem, gr\u00fcnen Gras.<br \/>Wenn ein geliebtes Tier auf Erden f\u00fcr immer eingeschlafen ist, geht es zu diesem sch\u00f6nen Ort.<br \/>Dort gibt es immer zu fressen, zu trinken und es ist warm &#8211; es ist sch\u00f6nes Fr\u00fchlingswetter.<br \/>Die alten und kranken Tiere sind hier wieder jung und gesund. Sie spielen den ganzen Tag<br \/>zusammen. Es gibt nur eins, was sie vermissen:<br \/>Sie sind nicht mit ihren Menschen zusammen, die sie auf Erden so geliebt haben.<br \/>So rennen und spielen sie jeden Tag zusammen, bis eines Tages pl\u00f6tzlich eines inneh\u00e4lt und aufsieht:<br \/>die Nase bebt, die Ohren stellen sich auf und die Augen werden ganz gro\u00df!!!<br \/>Pl\u00f6tzlich rennt es aus der Gruppe heraus und fliegt f\u00f6rmlich \u00fcber die gr\u00fcne Wiese. Die Pfoten<br \/>tragen es schneller und immer schneller. Es hat Dich gesehen!!!<br \/>Und wenn Du und Dein Freund einander treffen, nimmst Du ihn in Deine Arme und h\u00e4lst ihn fest.<br \/>Dein Gesicht wird wieder und wieder gek\u00fcsst, und Du schaust in die Augen Deines geliebten<br \/>Tieres, das solange aus Deinem Leben verschwunden war, aber nie aus Deinem Herzen.<br \/>Dann \u00fcberschreitet Ihr gemeinsam die Br\u00fccke des Regenbogens, um nie wieder getrennt zu sein.<\/span> <\/a><\/p>\n<p><span style=\"font-family: berlin sans fb\">&nbsp;&nbsp;&nbsp;&nbsp;&nbsp;&nbsp;&nbsp;&nbsp;&nbsp;&nbsp;&nbsp;&nbsp;&nbsp;&nbsp;&nbsp;&nbsp;&nbsp;&nbsp;&nbsp;&nbsp;&nbsp;&nbsp;&nbsp;&nbsp;&nbsp;&nbsp;&nbsp;&nbsp;&nbsp;&nbsp;&nbsp;&nbsp;&nbsp;&nbsp;&nbsp;&nbsp;&nbsp;&nbsp;&nbsp;&nbsp;&nbsp;&nbsp;&nbsp;&nbsp;&nbsp;&nbsp;&nbsp;&nbsp;&nbsp;&nbsp;&nbsp;&nbsp;&nbsp;&nbsp;&nbsp;&nbsp;&nbsp;&nbsp;&nbsp;&nbsp;&nbsp;&nbsp;&nbsp;&nbsp;&nbsp;&nbsp;&nbsp;&nbsp;&nbsp;&nbsp;&nbsp;&nbsp;&nbsp;&nbsp;&nbsp;&nbsp;&nbsp;&nbsp;&nbsp;&nbsp;&nbsp; Autor des Originaltextes unbekannt<br \/>\u00fcbersetzt von Christel Wysocki<\/span><\/p>\n","protected":false},"excerpt":{"rendered":"<p>&nbsp;&nbsp;&nbsp;&nbsp; &nbsp;&nbsp;&nbsp;&nbsp;&nbsp; &nbsp; &nbsp;&nbsp;&nbsp;&nbsp;&nbsp;&nbsp;&nbsp; &nbsp;&nbsp;&nbsp;&nbsp;&nbsp; &nbsp;Eine Br\u00fccke verbindet Himmel und Erde. Wegen der vielen Farben nennt man sie\u201cBr\u00fccke des Regenbogens\u201d.Auf dieser Seite des Regenbogens liegt ein Land mit Wiesen, H\u00fcgeln und saftigem, gr\u00fcnen Gras.Wenn ein geliebtes Tier auf Erden f\u00fcr &hellip; <a href=\"https:\/\/www.vom-hohen-garten.de\/?page_id=2938\">Weiterlesen <span class=\"meta-nav\">&rarr;<\/span><\/a><\/p>\n","protected":false},"author":1,"featured_media":0,"parent":9,"menu_order":4,"comment_status":"closed","ping_status":"closed","template":"","meta":{"footnotes":""},"_links":{"self":[{"href":"https:\/\/www.vom-hohen-garten.de\/index.php?rest_route=\/wp\/v2\/pages\/2938"}],"collection":[{"href":"https:\/\/www.vom-hohen-garten.de\/index.php?rest_route=\/wp\/v2\/pages"}],"about":[{"href":"https:\/\/www.vom-hohen-garten.de\/index.php?rest_route=\/wp\/v2\/types\/page"}],"author":[{"embeddable":true,"href":"https:\/\/www.vom-hohen-garten.de\/index.php?rest_route=\/wp\/v2\/users\/1"}],"replies":[{"embeddable":true,"href":"https:\/\/www.vom-hohen-garten.de\/index.php?rest_route=%2Fwp%2Fv2%2Fcomments&post=2938"}],"version-history":[{"count":6,"href":"https:\/\/www.vom-hohen-garten.de\/index.php?rest_route=\/wp\/v2\/pages\/2938\/revisions"}],"predecessor-version":[{"id":3922,"href":"https:\/\/www.vom-hohen-garten.de\/index.php?rest_route=\/wp\/v2\/pages\/2938\/revisions\/3922"}],"up":[{"embeddable":true,"href":"https:\/\/www.vom-hohen-garten.de\/index.php?rest_route=\/wp\/v2\/pages\/9"}],"wp:attachment":[{"href":"https:\/\/www.vom-hohen-garten.de\/index.php?rest_route=%2Fwp%2Fv2%2Fmedia&parent=2938"}],"curies":[{"name":"wp","href":"https:\/\/api.w.org\/{rel}","templated":true}]}}